{"id":283,"date":"2022-11-14T13:13:23","date_gmt":"2022-11-14T12:13:23","guid":{"rendered":"https:\/\/www.filtracnatechnika.sk\/?post_type=product&#038;p=283"},"modified":"2022-11-14T13:13:23","modified_gmt":"2022-11-14T12:13:23","slug":"klimatizacia-spiw324a2wf-2","status":"publish","type":"product","link":"https:\/\/www.filtracnatechnika.sk\/?product=klimatizacia-spiw324a2wf-2","title":{"rendered":"Klimatiz\u00e1cia SPIW324A2WF"},"content":{"rendered":"<div class=\"m-product-specifications__tech\"><span class=\"m-product-specifications__tech--title\">Vlastnosti<\/span><\/p>\n<ul class=\"m-product-specifications__tech--list\">\n<li style=\"list-style-type: none;\">\n<ul class=\"m-product-specifications__tech--list\">\n<li><span class=\"m-product-specifications__tech--label\">Farba produktu<\/span>:\u00a0<span class=\"m-product-specifications__tech--value\">Biela<\/span><\/li>\n<li><span class=\"m-product-specifications__tech--label\">Typ produktu<\/span>:\u00a0<span class=\"m-product-specifications__tech--value\">Inverter<\/span><\/li>\n<li><span class=\"m-product-specifications__tech--label\">Typ syst\u00e9mu<\/span>:\u00a0<span class=\"m-product-specifications__tech--value\">REVERSIBLE<\/span><\/li>\n<li><span class=\"m-product-specifications__tech--label\">Hepa filter<\/span>:\u00a0<span class=\"m-product-specifications__tech--value\">HEPA + Silver Ion<\/span><\/li>\n<li><span class=\"m-product-specifications__tech--label\">Chladiaci plyn<\/span>:\u00a0<span class=\"m-product-specifications__tech--value\">R32<\/span><\/li>\n<li><span class=\"m-product-specifications__tech--label\">\u010cist\u00e1 hmotnos\u0165<\/span>:\u00a0<span class=\"m-product-specifications__tech--value\">61<\/span><\/li>\n<li><span class=\"m-product-specifications__tech--label\">Typ pou\u017e\u00edvate\u013esk\u00e9ho rozhrania<\/span>:\u00a0<span class=\"m-product-specifications__tech--value\">LED Hidden<\/span><\/li>\n<li><span class=\"m-product-specifications__tech--label\">Funkcia zvlh\u010dovania<\/span>:\u00a0<span class=\"m-product-specifications__tech--value\">\u00c1no<\/span><\/li>\n<li><span class=\"m-product-specifications__tech--label\">BTU<\/span>:\u00a0<span class=\"m-product-specifications__tech--value\">24000<\/span><\/li>\n<li><span class=\"m-product-specifications__tech--label\">Konektivita<\/span>:\u00a0<span class=\"m-product-specifications__tech--value\">\u00c1no<\/span><\/li>\n<\/ul>\n<\/li>\n<\/ul>\n<\/div>\n<div class=\"m-product-specifications__tech\"><span class=\"m-product-specifications__tech--title\">Rozmery<\/span><\/p>\n<ul class=\"m-product-specifications__tech--list\">\n<li><span class=\"m-product-specifications__tech--label\">V\u00fd\u0161ka vn\u00fatornej jednotky (cm)<\/span>:\u00a0<span class=\"m-product-specifications__tech--value\">31.5<\/span><\/li>\n<li><span class=\"m-product-specifications__tech--label\">\u0160\u00edrka vn\u00fatornej jednotky (cm)<\/span>:\u00a0<span class=\"m-product-specifications__tech--value\">117.4<\/span><\/li>\n<li><span class=\"m-product-specifications__tech--label\">H\u013abka vn\u00fatornej jednotky (cm)<\/span>:\u00a0<span class=\"m-product-specifications__tech--value\">23.2<\/span><\/li>\n<li><span class=\"m-product-specifications__tech--label\">V\u00fd\u0161ka vonkaj\u0161ej jednotky (cm)<\/span>:\u00a0<span class=\"m-product-specifications__tech--value\">66.7<\/span><\/li>\n<li><span class=\"m-product-specifications__tech--label\">\u0160\u00edrka vonkaj\u0161ej jednotky (cm)<\/span>:\u00a0<span class=\"m-product-specifications__tech--value\">86.0<\/span><\/li>\n<li><span class=\"m-product-specifications__tech--label\">H\u013abka vonkaj\u0161ej jednotky (cm)<\/span>:\u00a0<span class=\"m-product-specifications__tech--value\">31.0<\/span><\/li>\n<li><span class=\"m-product-specifications__tech--label\">HEIGHT<\/span>:\u00a0<span class=\"m-product-specifications__tech--value\">31.5<\/span><\/li>\n<li><span class=\"m-product-specifications__tech--label\">WIDTH<\/span>:\u00a0<span class=\"m-product-specifications__tech--value\">117.4<\/span><\/li>\n<li><span class=\"m-product-specifications__tech--label\">DEPTH<\/span>:\u00a0<span class=\"m-product-specifications__tech--value\">23.2<\/span><\/li>\n<\/ul>\n<\/div>\n<div class=\"m-product-specifications__tech\"><span class=\"m-product-specifications__tech--title\">Technick\u00e9 d\u00e1ta<\/span><\/p>\n<ul class=\"m-product-specifications__tech--list\">\n<li><span class=\"m-product-specifications__tech--label\">Energetick\u00e1 trieda (chladenie)<\/span>:\u00a0<span class=\"m-product-specifications__tech--value\">A++<\/span><\/li>\n<li><span class=\"m-product-specifications__tech--label\">Frekvencia (Hz)<\/span>:\u00a0<span class=\"m-product-specifications__tech--value\">50<\/span><\/li>\n<li><span class=\"m-product-specifications__tech--label\">Nap\u00e4tie (V)<\/span>:\u00a0<span class=\"m-product-specifications__tech--value\">220-240<\/span><\/li>\n<li><span class=\"m-product-specifications__tech--label\">V\u00fdkon chladenie (W)<\/span>:\u00a0<span class=\"m-product-specifications__tech--value\">8000<\/span><\/li>\n<li><span class=\"m-product-specifications__tech--label\">V\u00fdkon vykurovanie (W)<\/span>:\u00a0<span class=\"m-product-specifications__tech--value\">3400<\/span><\/li>\n<li><span class=\"m-product-specifications__tech--label\">Rozsah teploty Chladenie &#8211; Vonkaj\u0161\u00ed rozsah<\/span>:\u00a0<span class=\"m-product-specifications__tech--value\">-15\u00b0C &#8211; 43\u00b0C<\/span><\/li>\n<li><span class=\"m-product-specifications__tech--label\">Rozsah teploty Vykurovanie &#8211; Vonkaj\u0161\u00ed rozsah<\/span>:\u00a0<span class=\"m-product-specifications__tech--value\">-15\u00b0C &#8211; 24\u00b0C<\/span><\/li>\n<li><span class=\"m-product-specifications__tech--label\">Hladina akustick\u00e9ho tlaku IDU &#8211; Vysok\u00e9 ot\u00e1\u010dky ventil\u00e1tora<\/span>:\u00a0<span class=\"m-product-specifications__tech--value\">48<\/span><\/li>\n<li><span class=\"m-product-specifications__tech--label\">Hladina hluku akustick\u00e9ho tlaku IDU &#8211; n\u00edzka r\u00fdchlos\u0165 ventil\u00e1tora<\/span>:\u00a0<span class=\"m-product-specifications__tech--value\">39<\/span><\/li>\n<li><span class=\"m-product-specifications__tech--label\">Hladina hluku akustick\u00e9ho tlaku IDU &#8211; stredn\u00e1 r\u00fdchlos\u0165 ventil\u00e1tora<\/span>:\u00a0<span class=\"m-product-specifications__tech--value\">43<\/span><\/li>\n<\/ul>\n<\/div>\n","protected":false},"excerpt":{"rendered":"<p>V\u00fdhody tejto vo\u013ene stojacej klimatiz\u00e1cie Whirlpool: biela farba. Vynikaj\u00faca energetick\u00e1 \u00fa\u010dinnos\u0165 triedy A++ so zn\u00ed\u017eenou spotrebou energie. Teplotn\u00fd senzor 6. ZMYSEL automaticky vyhodnocuje teplotu v miestnosti a vykon\u00e1va ide\u00e1lnu kombin\u00e1ciu prev\u00e1dzkov\u00fdch funkci\u00ed, aby v\u00e1m poskytol najlep\u0161\u00ed komfort. V\u010faka inovat\u00edvnej funkcii Jet je mo\u017en\u00e9 zn\u00ed\u017ei\u0165 teplotu o 5 \u00b0C len za 10 min\u00fat. Invertorov\u00e9 tepeln\u00e9 \u010derpadlo.<\/p>\n","protected":false},"featured_media":276,"comment_status":"open","ping_status":"closed","template":"","meta":{"_et_pb_use_builder":"","_et_pb_old_content":"","_et_gb_content_width":"","_monsterinsights_skip_tracking":false,"_monsterinsights_sitenote_active":false,"_monsterinsights_sitenote_note":"","_monsterinsights_sitenote_category":0},"product_cat":[16],"product_tag":[],"yoast_head":"<!-- This site is optimized with the Yoast SEO plugin v18.4.1 - https:\/\/yoast.com\/wordpress\/plugins\/seo\/ -->\n<title>Klimatiz\u00e1cia SPIW324A2WF - Filtra\u010dn\u00e1 Technika<\/title>\n<meta name=\"robots\" content=\"index, follow, max-snippet:-1, max-image-preview:large, max-video-preview:-1\" \/>\n<link rel=\"canonical\" href=\"https:\/\/www.filtracnatechnika.sk\/?product=klimatizacia-spiw324a2wf-2\" \/>\n<meta property=\"og:locale\" content=\"sk_SK\" \/>\n<meta property=\"og:type\" content=\"article\" \/>\n<meta property=\"og:title\" content=\"Klimatiz\u00e1cia SPIW324A2WF - Filtra\u010dn\u00e1 Technika\" \/>\n<meta property=\"og:description\" content=\"V\u00fdhody tejto vo\u013ene stojacej klimatiz\u00e1cie Whirlpool: biela farba. Vynikaj\u00faca energetick\u00e1 \u00fa\u010dinnos\u0165 triedy A++ so zn\u00ed\u017eenou spotrebou energie. Teplotn\u00fd senzor 6. ZMYSEL automaticky vyhodnocuje teplotu v miestnosti a vykon\u00e1va ide\u00e1lnu kombin\u00e1ciu prev\u00e1dzkov\u00fdch funkci\u00ed, aby v\u00e1m poskytol najlep\u0161\u00ed komfort. V\u010faka inovat\u00edvnej funkcii Jet je mo\u017en\u00e9 zn\u00ed\u017ei\u0165 teplotu o 5 \u00b0C len za 10 min\u00fat. Invertorov\u00e9 tepeln\u00e9 \u010derpadlo.\" \/>\n<meta property=\"og:url\" content=\"https:\/\/www.filtracnatechnika.sk\/?product=klimatizacia-spiw324a2wf-2\" \/>\n<meta property=\"og:site_name\" content=\"Filtra\u010dn\u00e1 Technika\" \/>\n<meta property=\"og:image\" content=\"https:\/\/www.filtracnatechnika.sk\/wp-content\/uploads\/2022\/11\/ezgif.com-gif-maker.jpg\" \/>\n\t<meta property=\"og:image:width\" content=\"1000\" \/>\n\t<meta property=\"og:image:height\" content=\"1000\" \/>\n\t<meta property=\"og:image:type\" content=\"image\/jpeg\" \/>\n<meta name=\"twitter:card\" content=\"summary_large_image\" \/>\n<meta name=\"twitter:label1\" content=\"Predpokladan\u00fd \u010das \u010d\u00edtania\" \/>\n\t<meta name=\"twitter:data1\" content=\"1 min\u00fata\" \/>\n<script type=\"application\/ld+json\" class=\"yoast-schema-graph\">{\"@context\":\"https:\/\/schema.org\",\"@graph\":[{\"@type\":\"WebSite\",\"@id\":\"https:\/\/www.filtracnatechnika.sk\/#website\",\"url\":\"https:\/\/www.filtracnatechnika.sk\/\",\"name\":\"Filtra\u010dn\u00e1 Technika\",\"description\":\"Filtra\u010dn\u00e1 Technika\",\"potentialAction\":[{\"@type\":\"SearchAction\",\"target\":{\"@type\":\"EntryPoint\",\"urlTemplate\":\"https:\/\/www.filtracnatechnika.sk\/?s={search_term_string}\"},\"query-input\":\"required name=search_term_string\"}],\"inLanguage\":\"sk-SK\"},{\"@type\":\"ImageObject\",\"@id\":\"https:\/\/www.filtracnatechnika.sk\/?product=klimatizacia-spiw324a2wf-2#primaryimage\",\"inLanguage\":\"sk-SK\",\"url\":\"https:\/\/www.filtracnatechnika.sk\/wp-content\/uploads\/2022\/11\/ezgif.com-gif-maker.jpg\",\"contentUrl\":\"https:\/\/www.filtracnatechnika.sk\/wp-content\/uploads\/2022\/11\/ezgif.com-gif-maker.jpg\",\"width\":1000,\"height\":1000},{\"@type\":\"WebPage\",\"@id\":\"https:\/\/www.filtracnatechnika.sk\/?product=klimatizacia-spiw324a2wf-2#webpage\",\"url\":\"https:\/\/www.filtracnatechnika.sk\/?product=klimatizacia-spiw324a2wf-2\",\"name\":\"Klimatiz\u00e1cia SPIW324A2WF - Filtra\u010dn\u00e1 Technika\",\"isPartOf\":{\"@id\":\"https:\/\/www.filtracnatechnika.sk\/#website\"},\"primaryImageOfPage\":{\"@id\":\"https:\/\/www.filtracnatechnika.sk\/?product=klimatizacia-spiw324a2wf-2#primaryimage\"},\"datePublished\":\"2022-11-14T12:13:23+00:00\",\"dateModified\":\"2022-11-14T12:13:23+00:00\",\"breadcrumb\":{\"@id\":\"https:\/\/www.filtracnatechnika.sk\/?product=klimatizacia-spiw324a2wf-2#breadcrumb\"},\"inLanguage\":\"sk-SK\",\"potentialAction\":[{\"@type\":\"ReadAction\",\"target\":[\"https:\/\/www.filtracnatechnika.sk\/?product=klimatizacia-spiw324a2wf-2\"]}]},{\"@type\":\"BreadcrumbList\",\"@id\":\"https:\/\/www.filtracnatechnika.sk\/?product=klimatizacia-spiw324a2wf-2#breadcrumb\",\"itemListElement\":[{\"@type\":\"ListItem\",\"position\":1,\"name\":\"Home\",\"item\":\"https:\/\/www.filtracnatechnika.sk\/\"},{\"@type\":\"ListItem\",\"position\":2,\"name\":\"Shop\",\"item\":\"https:\/\/www.filtracnatechnika.sk\/?page_id=199\"},{\"@type\":\"ListItem\",\"position\":3,\"name\":\"Klimatiz\u00e1cia SPIW324A2WF\"}]}]}<\/script>\n<!-- \/ Yoast SEO plugin. -->","yoast_head_json":{"title":"Klimatiz\u00e1cia SPIW324A2WF - Filtra\u010dn\u00e1 Technika","robots":{"index":"index","follow":"follow","max-snippet":"max-snippet:-1","max-image-preview":"max-image-preview:large","max-video-preview":"max-video-preview:-1"},"canonical":"https:\/\/www.filtracnatechnika.sk\/?product=klimatizacia-spiw324a2wf-2","og_locale":"sk_SK","og_type":"article","og_title":"Klimatiz\u00e1cia SPIW324A2WF - Filtra\u010dn\u00e1 Technika","og_description":"V\u00fdhody tejto vo\u013ene stojacej klimatiz\u00e1cie Whirlpool: biela farba. Vynikaj\u00faca energetick\u00e1 \u00fa\u010dinnos\u0165 triedy A++ so zn\u00ed\u017eenou spotrebou energie. Teplotn\u00fd senzor 6. ZMYSEL automaticky vyhodnocuje teplotu v miestnosti a vykon\u00e1va ide\u00e1lnu kombin\u00e1ciu prev\u00e1dzkov\u00fdch funkci\u00ed, aby v\u00e1m poskytol najlep\u0161\u00ed komfort. V\u010faka inovat\u00edvnej funkcii Jet je mo\u017en\u00e9 zn\u00ed\u017ei\u0165 teplotu o 5 \u00b0C len za 10 min\u00fat. Invertorov\u00e9 tepeln\u00e9 \u010derpadlo.","og_url":"https:\/\/www.filtracnatechnika.sk\/?product=klimatizacia-spiw324a2wf-2","og_site_name":"Filtra\u010dn\u00e1 Technika","og_image":[{"width":1000,"height":1000,"url":"https:\/\/www.filtracnatechnika.sk\/wp-content\/uploads\/2022\/11\/ezgif.com-gif-maker.jpg","type":"image\/jpeg"}],"twitter_card":"summary_large_image","twitter_misc":{"Predpokladan\u00fd \u010das \u010d\u00edtania":"1 min\u00fata"},"schema":{"@context":"https:\/\/schema.org","@graph":[{"@type":"WebSite","@id":"https:\/\/www.filtracnatechnika.sk\/#website","url":"https:\/\/www.filtracnatechnika.sk\/","name":"Filtra\u010dn\u00e1 Technika","description":"Filtra\u010dn\u00e1 Technika","potentialAction":[{"@type":"SearchAction","target":{"@type":"EntryPoint","urlTemplate":"https:\/\/www.filtracnatechnika.sk\/?s={search_term_string}"},"query-input":"required name=search_term_string"}],"inLanguage":"sk-SK"},{"@type":"ImageObject","@id":"https:\/\/www.filtracnatechnika.sk\/?product=klimatizacia-spiw324a2wf-2#primaryimage","inLanguage":"sk-SK","url":"https:\/\/www.filtracnatechnika.sk\/wp-content\/uploads\/2022\/11\/ezgif.com-gif-maker.jpg","contentUrl":"https:\/\/www.filtracnatechnika.sk\/wp-content\/uploads\/2022\/11\/ezgif.com-gif-maker.jpg","width":1000,"height":1000},{"@type":"WebPage","@id":"https:\/\/www.filtracnatechnika.sk\/?product=klimatizacia-spiw324a2wf-2#webpage","url":"https:\/\/www.filtracnatechnika.sk\/?product=klimatizacia-spiw324a2wf-2","name":"Klimatiz\u00e1cia SPIW324A2WF - Filtra\u010dn\u00e1 Technika","isPartOf":{"@id":"https:\/\/www.filtracnatechnika.sk\/#website"},"primaryImageOfPage":{"@id":"https:\/\/www.filtracnatechnika.sk\/?product=klimatizacia-spiw324a2wf-2#primaryimage"},"datePublished":"2022-11-14T12:13:23+00:00","dateModified":"2022-11-14T12:13:23+00:00","breadcrumb":{"@id":"https:\/\/www.filtracnatechnika.sk\/?product=klimatizacia-spiw324a2wf-2#breadcrumb"},"inLanguage":"sk-SK","potentialAction":[{"@type":"ReadAction","target":["https:\/\/www.filtracnatechnika.sk\/?product=klimatizacia-spiw324a2wf-2"]}]},{"@type":"BreadcrumbList","@id":"https:\/\/www.filtracnatechnika.sk\/?product=klimatizacia-spiw324a2wf-2#breadcrumb","itemListElement":[{"@type":"ListItem","position":1,"name":"Home","item":"https:\/\/www.filtracnatechnika.sk\/"},{"@type":"ListItem","position":2,"name":"Shop","item":"https:\/\/www.filtracnatechnika.sk\/?page_id=199"},{"@type":"ListItem","position":3,"name":"Klimatiz\u00e1cia SPIW324A2WF"}]}]}},"_links":{"self":[{"href":"https:\/\/www.filtracnatechnika.sk\/index.php?rest_route=\/wp\/v2\/product\/283"}],"collection":[{"href":"https:\/\/www.filtracnatechnika.sk\/index.php?rest_route=\/wp\/v2\/product"}],"about":[{"href":"https:\/\/www.filtracnatechnika.sk\/index.php?rest_route=\/wp\/v2\/types\/product"}],"replies":[{"embeddable":true,"href":"https:\/\/www.filtracnatechnika.sk\/index.php?rest_route=%2Fwp%2Fv2%2Fcomments&post=283"}],"wp:featuredmedia":[{"embeddable":true,"href":"https:\/\/www.filtracnatechnika.sk\/index.php?rest_route=\/wp\/v2\/media\/276"}],"wp:attachment":[{"href":"https:\/\/www.filtracnatechnika.sk\/index.php?rest_route=%2Fwp%2Fv2%2Fmedia&parent=283"}],"wp:term":[{"taxonomy":"product_cat","embeddable":true,"href":"https:\/\/www.filtracnatechnika.sk\/index.php?rest_route=%2Fwp%2Fv2%2Fproduct_cat&post=283"},{"taxonomy":"product_tag","embeddable":true,"href":"https:\/\/www.filtracnatechnika.sk\/index.php?rest_route=%2Fwp%2Fv2%2Fproduct_tag&post=283"}],"curies":[{"name":"wp","href":"https:\/\/api.w.org\/{rel}","templated":true}]}}