{"id":12,"date":"2021-06-08T11:27:03","date_gmt":"2021-06-08T09:27:03","guid":{"rendered":"https:\/\/www.filtracnatechnika.sk\/?page_id=12"},"modified":"2021-10-28T16:40:15","modified_gmt":"2021-10-28T14:40:15","slug":"home","status":"publish","type":"page","link":"https:\/\/www.filtracnatechnika.sk\/","title":{"rendered":"Home"},"content":{"rendered":"<p>[et_pb_section fb_built=&#8220;1&#8243; fullwidth=&#8220;on&#8220; _builder_version=&#8220;4.9.7&#8243; _module_preset=&#8220;default&#8220; hover_enabled=&#8220;0&#8243; sticky_enabled=&#8220;0&#8243;][et_pb_fullwidth_header title=&#8220;\u010cist\u00fd vzduch je n\u00e1\u0161 cie\u013e&#8220; background_overlay_color=&#8220;rgba(0,0,0,0.45)&#8220; _builder_version=&#8220;4.9.7&#8243; _module_preset=&#8220;default&#8220; title_font=&#8220;Montserrat|700|||||||&#8220; title_text_color=&#8220;#FFFFFF&#8220; title_font_size=&#8220;48px&#8220; background_enable_color=&#8220;off&#8220; background_image=&#8220;https:\/\/www.filtracnatechnika.sk\/wp-content\/uploads\/2021\/10\/rohit-tandon-9wg5jCEPBsw-unsplash-scaled.jpg&#8220; parallax=&#8220;on&#8220; min_height=&#8220;369px&#8220; hover_enabled=&#8220;0&#8243; custom_css_main_element=&#8220;margin: auto&#8220; header_fullscreen=&#8220;on&#8220; text_orientation=&#8220;center&#8220; sticky_enabled=&#8220;0&#8243;][\/et_pb_fullwidth_header][\/et_pb_section]<\/p>\n","protected":false},"excerpt":{"rendered":"<p>[et_pb_section fb_built=&#8220;1&#8243; fullwidth=&#8220;on&#8220; _builder_version=&#8220;4.9.7&#8243; _module_preset=&#8220;default&#8220; hover_enabled=&#8220;0&#8243; sticky_enabled=&#8220;0&#8243;][et_pb_fullwidth_header title=&#8220;\u010cist\u00fd vzduch je n\u00e1\u0161 cie\u013e&#8220; background_overlay_color=&#8220;rgba(0,0,0,0.45)&#8220; _builder_version=&#8220;4.9.7&#8243; _module_preset=&#8220;default&#8220; title_font=&#8220;Montserrat|700|||||||&#8220; title_text_color=&#8220;#FFFFFF&#8220; title_font_size=&#8220;48px&#8220; background_enable_color=&#8220;off&#8220; background_image=&#8220;https:\/\/www.filtracnatechnika.sk\/wp-content\/uploads\/2021\/10\/rohit-tandon-9wg5jCEPBsw-unsplash-scaled.jpg&#8220; parallax=&#8220;on&#8220; min_height=&#8220;369px&#8220; hover_enabled=&#8220;0&#8243; custom_css_main_element=&#8220;margin: auto&#8220; header_fullscreen=&#8220;on&#8220; text_orientation=&#8220;center&#8220; sticky_enabled=&#8220;0&#8243;][\/et_pb_fullwidth_header][\/et_pb_section]<\/p>\n","protected":false},"author":1,"featured_media":0,"parent":0,"menu_order":0,"comment_status":"closed","ping_status":"closed","template":"","meta":{"_et_pb_use_builder":"on","_et_pb_old_content":"","_et_gb_content_width":"","_monsterinsights_skip_tracking":false,"_monsterinsights_sitenote_active":false,"_monsterinsights_sitenote_note":"","_monsterinsights_sitenote_category":0},"yoast_head":"<!-- This site is optimized with the Yoast SEO plugin v18.4.1 - https:\/\/yoast.com\/wordpress\/plugins\/seo\/ -->\n<title>Home - Filtra\u010dn\u00e1 Technika<\/title>\n<meta name=\"robots\" content=\"index, follow, max-snippet:-1, max-image-preview:large, max-video-preview:-1\" \/>\n<link rel=\"canonical\" href=\"https:\/\/www.filtracnatechnika.sk\/\" \/>\n<meta property=\"og:locale\" content=\"sk_SK\" \/>\n<meta property=\"og:type\" content=\"article\" \/>\n<meta property=\"og:title\" content=\"Home - Filtra\u010dn\u00e1 Technika\" \/>\n<meta property=\"og:description\" content=\"[et_pb_section fb_built=&#8220;1&#8243; fullwidth=&#8220;on&#8220; _builder_version=&#8220;4.9.7&#8243; _module_preset=&#8220;default&#8220; hover_enabled=&#8220;0&#8243; sticky_enabled=&#8220;0&#8243;][et_pb_fullwidth_header title=&#8220;\u010cist\u00fd vzduch je n\u00e1\u0161 cie\u013e&#8220; background_overlay_color=&#8220;rgba(0,0,0,0.45)&#8220; _builder_version=&#8220;4.9.7&#8243; _module_preset=&#8220;default&#8220; title_font=&#8220;Montserrat|700|||||||&#8220; title_text_color=&#8220;#FFFFFF&#8220; title_font_size=&#8220;48px&#8220; background_enable_color=&#8220;off&#8220; background_image=&#8220;https:\/\/www.filtracnatechnika.sk\/wp-content\/uploads\/2021\/10\/rohit-tandon-9wg5jCEPBsw-unsplash-scaled.jpg&#8220; parallax=&#8220;on&#8220; min_height=&#8220;369px&#8220; hover_enabled=&#8220;0&#8243; custom_css_main_element=&#8220;margin: auto&#8220; header_fullscreen=&#8220;on&#8220; text_orientation=&#8220;center&#8220; sticky_enabled=&#8220;0&#8243;][\/et_pb_fullwidth_header][\/et_pb_section]\" \/>\n<meta property=\"og:url\" content=\"https:\/\/www.filtracnatechnika.sk\/\" \/>\n<meta property=\"og:site_name\" content=\"Filtra\u010dn\u00e1 Technika\" \/>\n<meta property=\"article:modified_time\" content=\"2021-10-28T14:40:15+00:00\" \/>\n<meta name=\"twitter:card\" content=\"summary_large_image\" \/>\n<script type=\"application\/ld+json\" class=\"yoast-schema-graph\">{\"@context\":\"https:\/\/schema.org\",\"@graph\":[{\"@type\":\"WebSite\",\"@id\":\"https:\/\/www.filtracnatechnika.sk\/#website\",\"url\":\"https:\/\/www.filtracnatechnika.sk\/\",\"name\":\"Filtra\u010dn\u00e1 Technika\",\"description\":\"Filtra\u010dn\u00e1 Technika\",\"potentialAction\":[{\"@type\":\"SearchAction\",\"target\":{\"@type\":\"EntryPoint\",\"urlTemplate\":\"https:\/\/www.filtracnatechnika.sk\/?s={search_term_string}\"},\"query-input\":\"required name=search_term_string\"}],\"inLanguage\":\"sk-SK\"},{\"@type\":\"WebPage\",\"@id\":\"https:\/\/www.filtracnatechnika.sk\/#webpage\",\"url\":\"https:\/\/www.filtracnatechnika.sk\/\",\"name\":\"Home - Filtra\u010dn\u00e1 Technika\",\"isPartOf\":{\"@id\":\"https:\/\/www.filtracnatechnika.sk\/#website\"},\"datePublished\":\"2021-06-08T09:27:03+00:00\",\"dateModified\":\"2021-10-28T14:40:15+00:00\",\"breadcrumb\":{\"@id\":\"https:\/\/www.filtracnatechnika.sk\/#breadcrumb\"},\"inLanguage\":\"sk-SK\",\"potentialAction\":[{\"@type\":\"ReadAction\",\"target\":[\"https:\/\/www.filtracnatechnika.sk\/\"]}]},{\"@type\":\"BreadcrumbList\",\"@id\":\"https:\/\/www.filtracnatechnika.sk\/#breadcrumb\",\"itemListElement\":[{\"@type\":\"ListItem\",\"position\":1,\"name\":\"Home\",\"item\":\"https:\/\/www.filtracnatechnika.sk\/\"},{\"@type\":\"ListItem\",\"position\":2,\"name\":\"Home\"}]}]}<\/script>\n<!-- \/ Yoast SEO plugin. -->","yoast_head_json":{"title":"Home - Filtra\u010dn\u00e1 Technika","robots":{"index":"index","follow":"follow","max-snippet":"max-snippet:-1","max-image-preview":"max-image-preview:large","max-video-preview":"max-video-preview:-1"},"canonical":"https:\/\/www.filtracnatechnika.sk\/","og_locale":"sk_SK","og_type":"article","og_title":"Home - Filtra\u010dn\u00e1 Technika","og_description":"[et_pb_section fb_built=&#8220;1&#8243; fullwidth=&#8220;on&#8220; _builder_version=&#8220;4.9.7&#8243; _module_preset=&#8220;default&#8220; hover_enabled=&#8220;0&#8243; sticky_enabled=&#8220;0&#8243;][et_pb_fullwidth_header title=&#8220;\u010cist\u00fd vzduch je n\u00e1\u0161 cie\u013e&#8220; background_overlay_color=&#8220;rgba(0,0,0,0.45)&#8220; _builder_version=&#8220;4.9.7&#8243; _module_preset=&#8220;default&#8220; title_font=&#8220;Montserrat|700|||||||&#8220; title_text_color=&#8220;#FFFFFF&#8220; title_font_size=&#8220;48px&#8220; background_enable_color=&#8220;off&#8220; background_image=&#8220;https:\/\/www.filtracnatechnika.sk\/wp-content\/uploads\/2021\/10\/rohit-tandon-9wg5jCEPBsw-unsplash-scaled.jpg&#8220; parallax=&#8220;on&#8220; min_height=&#8220;369px&#8220; hover_enabled=&#8220;0&#8243; custom_css_main_element=&#8220;margin: auto&#8220; header_fullscreen=&#8220;on&#8220; text_orientation=&#8220;center&#8220; sticky_enabled=&#8220;0&#8243;][\/et_pb_fullwidth_header][\/et_pb_section]","og_url":"https:\/\/www.filtracnatechnika.sk\/","og_site_name":"Filtra\u010dn\u00e1 Technika","article_modified_time":"2021-10-28T14:40:15+00:00","twitter_card":"summary_large_image","schema":{"@context":"https:\/\/schema.org","@graph":[{"@type":"WebSite","@id":"https:\/\/www.filtracnatechnika.sk\/#website","url":"https:\/\/www.filtracnatechnika.sk\/","name":"Filtra\u010dn\u00e1 Technika","description":"Filtra\u010dn\u00e1 Technika","potentialAction":[{"@type":"SearchAction","target":{"@type":"EntryPoint","urlTemplate":"https:\/\/www.filtracnatechnika.sk\/?s={search_term_string}"},"query-input":"required name=search_term_string"}],"inLanguage":"sk-SK"},{"@type":"WebPage","@id":"https:\/\/www.filtracnatechnika.sk\/#webpage","url":"https:\/\/www.filtracnatechnika.sk\/","name":"Home - Filtra\u010dn\u00e1 Technika","isPartOf":{"@id":"https:\/\/www.filtracnatechnika.sk\/#website"},"datePublished":"2021-06-08T09:27:03+00:00","dateModified":"2021-10-28T14:40:15+00:00","breadcrumb":{"@id":"https:\/\/www.filtracnatechnika.sk\/#breadcrumb"},"inLanguage":"sk-SK","potentialAction":[{"@type":"ReadAction","target":["https:\/\/www.filtracnatechnika.sk\/"]}]},{"@type":"BreadcrumbList","@id":"https:\/\/www.filtracnatechnika.sk\/#breadcrumb","itemListElement":[{"@type":"ListItem","position":1,"name":"Home","item":"https:\/\/www.filtracnatechnika.sk\/"},{"@type":"ListItem","position":2,"name":"Home"}]}]}},"_links":{"self":[{"href":"https:\/\/www.filtracnatechnika.sk\/index.php?rest_route=\/wp\/v2\/pages\/12"}],"collection":[{"href":"https:\/\/www.filtracnatechnika.sk\/index.php?rest_route=\/wp\/v2\/pages"}],"about":[{"href":"https:\/\/www.filtracnatechnika.sk\/index.php?rest_route=\/wp\/v2\/types\/page"}],"author":[{"embeddable":true,"href":"https:\/\/www.filtracnatechnika.sk\/index.php?rest_route=\/wp\/v2\/users\/1"}],"replies":[{"embeddable":true,"href":"https:\/\/www.filtracnatechnika.sk\/index.php?rest_route=%2Fwp%2Fv2%2Fcomments&post=12"}],"version-history":[{"count":4,"href":"https:\/\/www.filtracnatechnika.sk\/index.php?rest_route=\/wp\/v2\/pages\/12\/revisions"}],"predecessor-version":[{"id":179,"href":"https:\/\/www.filtracnatechnika.sk\/index.php?rest_route=\/wp\/v2\/pages\/12\/revisions\/179"}],"wp:attachment":[{"href":"https:\/\/www.filtracnatechnika.sk\/index.php?rest_route=%2Fwp%2Fv2%2Fmedia&parent=12"}],"curies":[{"name":"wp","href":"https:\/\/api.w.org\/{rel}","templated":true}]}}